{"id":64,"date":"2016-03-02T22:39:29","date_gmt":"2016-03-02T21:39:29","guid":{"rendered":"http:\/\/advertia.cat\/?page_id=64"},"modified":"2016-03-20T23:21:20","modified_gmt":"2016-03-20T22:21:20","slug":"documentacio","status":"publish","type":"page","link":"https:\/\/advertia.cat\/es\/documentacio\/","title":{"rendered":"Documentaci\u00f3"},"content":{"rendered":"<p>Documentaci\u00f3n de inter\u00e9s general<\/p>\n<p>\n<!-- Generado usando Document Gallery. Obtenga el suyo aqu\u00ed:http:\/\/wordpress.org\/extend\/plugins\/document-gallery -->\n<div id=\"document-gallery-2\" class=\"document-gallery\" data-shortcode='{\"id\":64,\"include\":\"\",\"exclude\":\"\",\"columns\":4,\"fancy\":false,\"order\":\"ASC\",\"orderby\":\"menu_order\",\"relation\":\"AND\",\"limit\":-1,\"mime_types\":\"application,video,text,audio,image\",\"paginate\":true,\"post_status\":\"any\",\"post_type\":\"attachment\",\"attachment_pg\":false,\"descriptions\":true,\"new_window\":false,\"skip\":0}'>\n<div class='document-icon-row descriptions'>\n   <div class=\"document-icon\">\n      <a href=\"https:\/\/advertia.cat\/wp-content\/uploads\/sites\/7\/2016\/03\/transpar\u00e8ncia-regidorscas-2.pdf\" target=\"_self\">\n         <img decoding=\"async\" src=\"https:\/\/advertia.cat\/wp-content\/plugins\/document-gallery\/src\/assets\/icons\/pdf.png\" title=\"transpar\u00e8ncia regidorscas (2)\" alt=\"transpar\u00e8ncia regidorscas (2)\" data-ext=\"pdf\"\/>\n         <span class=\"title\">transpar\u00e8ncia regidorscas (2)<\/span>\n      <\/a>\n   <\/div>\n   <p>Conferencia transparencia Jornades municipalistes de Lleida<\/p>\n<\/div>\n<\/div><\/p>","protected":false},"excerpt":{"rendered":"<p>Documentaci\u00f3n de inter\u00e9s general<\/p>\n","protected":false},"author":1,"featured_media":0,"parent":0,"menu_order":0,"comment_status":"closed","ping_status":"closed","template":"","meta":{"jetpack_post_was_ever_published":false,"footnotes":""},"class_list":["post-64","page","type-page","status-publish","hentry"],"jetpack_sharing_enabled":true,"jetpack_shortlink":"https:\/\/wp.me\/P4VNEw-12","_links":{"self":[{"href":"https:\/\/advertia.cat\/es\/wp-json\/wp\/v2\/pages\/64","targetHints":{"allow":["GET"]}}],"collection":[{"href":"https:\/\/advertia.cat\/es\/wp-json\/wp\/v2\/pages"}],"about":[{"href":"https:\/\/advertia.cat\/es\/wp-json\/wp\/v2\/types\/page"}],"author":[{"embeddable":true,"href":"https:\/\/advertia.cat\/es\/wp-json\/wp\/v2\/users\/1"}],"replies":[{"embeddable":true,"href":"https:\/\/advertia.cat\/es\/wp-json\/wp\/v2\/comments?post=64"}],"version-history":[{"count":4,"href":"https:\/\/advertia.cat\/es\/wp-json\/wp\/v2\/pages\/64\/revisions"}],"predecessor-version":[{"id":75,"href":"https:\/\/advertia.cat\/es\/wp-json\/wp\/v2\/pages\/64\/revisions\/75"}],"wp:attachment":[{"href":"https:\/\/advertia.cat\/es\/wp-json\/wp\/v2\/media?parent=64"}],"curies":[{"name":"wp","href":"https:\/\/api.w.org\/{rel}","templated":true}]}}