{"id":84,"date":"2016-05-30T19:57:29","date_gmt":"2016-05-30T17:57:29","guid":{"rendered":"http:\/\/advertia.cat\/?page_id=84"},"modified":"2016-06-05T01:14:02","modified_gmt":"2016-06-04T23:14:02","slug":"lopd","status":"publish","type":"page","link":"https:\/\/advertia.cat\/es\/lopd\/","title":{"rendered":"Pol\u00edtica general de protecci\u00f3n de datos, privacidad e Internet"},"content":{"rendered":"<p><span style=\"font-size: large\">De conformidad con la Ley Org\u00e1nica 15\/1999 de 13 de diciembre de Protecci\u00f3n de Datos de Car\u00e1cter Personal (LOPD), los datos suministrados por el Usuario quedar\u00e1n incorporados en un fichero automatizado, el cual ser\u00e1 procesado exclusivamente para la finalidad descrita en cada caso. Estos se recoger\u00e1n a trav\u00e9s de los formularios correspondientes, los cuales s\u00f3lo contendr\u00e1n los campos imprescindibles para poder prestar el servicio requerido por el Usuario.<\/span><\/p>\n<p align=\"justify\"><span style=\"font-size: large\"><span lang=\"es-ES\">Los datos de car\u00e1cter personal ser\u00e1n tratados con el grado de protecci\u00f3n adecuado, seg\u00fan el Real Decreto 1720\/2007 de 21 de diciembre, tom\u00e1ndose las medidas de seguridad necesarias para evitar su alteraci\u00f3n, p\u00e9rdida, tratamiento o acceso no autorizado por parte de terceros que lo puedan utilizar para finalidades distintas para las que han sido solicitados al Usuario. La problem\u00e1tica que nos cuenta, nos obliga a ponernos en contacto con uno o varios especialistas, todos dotados de su secreto profesional. No se establece en ning\u00fan caso otra pol\u00edtica alguna de cesi\u00f3n de datos personales. El usuario puede ejercer sus derechos de oposici\u00f3n, acceso, rectificaci\u00f3n y cancelaci\u00f3n, en cumplimiento de lo establecido en la LOPD, en la sede de<\/span><\/span><em><span style=\"font-size: large\"><span lang=\"es-ES\"> Advertia<\/span><\/span><\/em><span style=\"font-size: large\"><span lang=\"es-ES\">, <\/span><\/span><\/p>\n<p align=\"justify\"><strong><span style=\"font-size: large\">CIF:<\/span><\/strong><span style=\"font-size: large\"> B-62500251<\/span><\/p>\n<p align=\"justify\"><strong><span style=\"font-size: large\">Direcci\u00f3n<\/span><\/strong><span style=\"font-size: large\"> Tramuntana, 90 &#8212; 08358-Arenys de Munt<\/span><\/p>\n<p align=\"justify\"><strong><span style=\"font-size: large\">correo:<\/span><\/strong><span style=\"font-size: large\"> direccio@advertia.cat<\/span><\/p>\n<p align=\"justify\"><span style=\"font-size: large\">Los datos que Vd. nos da, no ser\u00e1n nunca cedidos, salvo por mandamiento judicial o por la petici\u00f3n recibida. <\/span><em><span style=\"font-size: large\">Advertia<\/span><\/em><span style=\"font-size: large\">, adem\u00e1s esta asume, un c\u00f3digo de conducta en la informaci\u00f3n que maneja. que va m\u00e1s all\u00e1 de la propia norma, siendo sus principios orientadores los siguientes<\/span><\/p>\n<p align=\"center\"><span style=\"font-size: xx-large\"><b>Principios generales<\/b><\/span><\/p>\n<p align=\"justify\"><strong><span style=\"font-size: large\"><span lang=\"es-ES\">Legalidad<\/span><\/span><\/strong><\/p>\n<p align=\"justify\"><span style=\"font-size: large\">Los servicios que se ofrecen est\u00e1n sometidos a la legalidad vigente <\/span><em><span style=\"font-size: large\">Advertia <\/span><\/em><span style=\"font-size: large\">se compromete a no aceptar ni estimular pr\u00e1cticas ilegales o contrarias a la moral.<\/span><\/p>\n<p align=\"justify\"><strong><span style=\"font-size: large\"><span lang=\"es-ES\">Honestidad<\/span><\/span><\/strong><\/p>\n<p align=\"justify\"><span style=\"font-size: large\">Las informaciones contenidas en la documentaci\u00f3n manejada, estar\u00e1n redactadas de una manera transparente, comprensible y razonable.<\/span><\/p>\n<p align=\"justify\"><strong><span style=\"font-size: large\"><span lang=\"es-ES\">Responsabilidad<\/span><\/span><\/strong><\/p>\n<p align=\"justify\"><em><span style=\"font-size: large\">Advertia<\/span><\/em><span style=\"font-size: large\"> asume la responsabilidad de la informaci\u00f3n que pone a disposici\u00f3n de los usuarios de la p\u00e1gina.<\/span><\/p>\n<p align=\"justify\"><strong><span style=\"font-size: large\"><span lang=\"es-ES\">Confidencialidad<\/span><\/span><\/strong><\/p>\n<p align=\"justify\"><span style=\"font-size: large\">Por causa de la actividad, todos los sujetos que participan en la prestaci\u00f3n de servicios deben ser identificables al peticionario de servicios, pero en su actividad m\u00e1s all\u00e1 de la relaci\u00f3n profesional, tienen derecho a preservar su anonimato. En el mismo sentido, el peticionario de servicios tiene derecho a mantener su anonimato, de as\u00ed desearlo.<\/span><\/p>\n<p align=\"justify\"><strong><span style=\"font-size: large\"><span lang=\"es-ES\">Protecci\u00f3n de la dignidad humana<\/span><\/span><\/strong><\/p>\n<p align=\"justify\"><span style=\"font-size: large\">El respeto a la dignidad humana implica tutelar la vida, impidiendo cualquier clase de discriminaci\u00f3n social, religiosa, \u00e9tnica, cultural, pol\u00edtica, sexual o por discapacidad f\u00edsica o ps\u00edquica.<\/span><\/p>\n<p align=\"justify\"><strong><span style=\"font-size: large\"><span lang=\"es-ES\">Protecci\u00f3n de los menores<\/span><\/span><\/strong><\/p>\n<p align=\"justify\"><span style=\"font-size: large\">La protecci\u00f3n de los menores supone rechazar su utilizaci\u00f3n, especialmente con objetivos poco claros, y mantener una actitud de cautela en la difusi\u00f3n de contenidos potencialmente nocivos para la infancia.<\/span><\/p>\n<p align=\"justify\"><strong><span style=\"font-size: large\"><span lang=\"es-ES\">Protecci\u00f3n del orden p\u00fablico<\/span><\/span><\/strong><\/p>\n<p align=\"justify\"><span style=\"font-size: large\">De acuerdo con el respeto a las leyes que regulan el orden p\u00fablico, <\/span><em><span style=\"font-size: large\">Advertia<\/span><\/em><span style=\"font-size: large\"> no ser\u00e1 veh\u00edculo de mensajes que inciten al uso de la violencia o a la participaci\u00f3n en actividades delictivas.<\/span><\/p>\n<p align=\"justify\"><strong><span style=\"font-size: large\"><span lang=\"es-ES\">Protecci\u00f3n de la vida privada<\/span><\/span><\/strong><\/p>\n<p lang=\"ca-ES\" align=\"justify\"><span style=\"font-size: large\"><span lang=\"es-ES\">El respeto a los derechos y libertades fundamentales obliga a tutelar la vida privada, los datos personales y el secreto de las comunicaciones.<\/span><\/span> <span style=\"font-size: large\"><span lang=\"es-ES\">Todo as\u00ed, nos reservamos el derecho de ponernos en contacto con Vd., las veces que haga falta, para informarle de cambios legislativos, operativos y material intelectual o tecnol\u00f3gico que creamos pueda necesitar.<\/span><\/span><\/p>\n<p align=\"justify\"><strong><span style=\"font-size: large\"><span lang=\"es-ES\">Protecci\u00f3n del consumidor en el marco del comercio electr\u00f3nico<\/span><\/span><\/strong><\/p>\n<p align=\"justify\"><span style=\"font-size: large\">En las actividades que no sean propias de la actividad de prestaci\u00f3n de servicios se respetar\u00e1n los principios de transparencia y accesibilidad, someti\u00e9ndose a las normativas de protecci\u00f3n del consumidor.<\/span><\/p>\n<p align=\"justify\"><strong><span style=\"font-size: large\"><span lang=\"es-ES\">Derecho de propiedad intelectual e industrial<\/span><\/span><\/strong><\/p>\n<p align=\"justify\"><em><span style=\"font-size: large\">Advertia<\/span><\/em><span style=\"font-size: large\"> expresa su voluntad de tutelar el derecho, de haberlo, de los autores a sus creaciones intelectuales e industriales, de acuerdo con la normativa vigente. Ello no obsta que se entienda que se apuesta principalmente por los mecanismos de la cultura libre y del software no propietario. <\/span><\/p>\n<p align=\"justify\"><strong><span style=\"font-size: large\"><span lang=\"es-ES\">Enlaces<\/span><\/span><\/strong><\/p>\n<p align=\"justify\"><span style=\"font-size: large\">En el caso de que en el Web se dispusiesen enlaces o hiperv\u00ednculos hac\u00eda otros sitios de Internet, <\/span><em><span style=\"font-size: large\">Advertia<\/span><\/em><span style=\"font-size: large\"> no ejercer\u00e1 ning\u00fan tipo de control sobre dichos sitios y contenidos. En ning\u00fan caso <\/span><em><span style=\"font-size: large\">Advertia <\/span><\/em><span style=\"font-size: large\">asumir\u00e1 responsabilidad alguna por los contenidos de enlaces pertenecientes a un sitio Web ajeno, ni garantizar\u00e1 la disponibilidad t\u00e9cnica, calidad, fiabilidad, exactitud, amplitud, veracidad, validez y constitucionalidad de cualquier material o informaci\u00f3n contenida en ninguno de dichos hiperv\u00ednculos u otros sitios de Internet. Igualmente la inclusi\u00f3n de estas conexiones externas no implicar\u00e1 ning\u00fan tipo de asociaci\u00f3n, fusi\u00f3n o participaci\u00f3n con las entidades conectadas.<\/span><\/p>\n<p align=\"justify\"><strong><span style=\"font-size: large\"><span lang=\"es-ES\">Derecho De Exclusi\u00f3n<\/span><\/span><\/strong><\/p>\n<p align=\"justify\"><em><span style=\"font-size: large\">Advertia<\/span><\/em><span style=\"font-size: large\"> se reserva el derecho a denegar o retirar el acceso a su Web y\/o los servicios ofrecidos sin necesidad de preaviso, a instancia propia o de un tercero, a aquellos usuarios que incumplan las presentes Condiciones Generales de Uso.<\/span><\/p>\n<p align=\"justify\"><span style=\"font-size: large\"><b>Conflictos<\/b><\/span><\/p>\n<p align=\"justify\"><em><span style=\"font-size: large\">Advertia<\/span><\/em><span style=\"font-size: large\"> no se hace responsable, en ning\u00fan caso, de los da\u00f1os y perjuicios de cualquier naturaleza que pudieran ocasionar; a t\u00edtulo enunciativo, que no limitativo: errores u omisiones en los contenidos, falta de disponibilidad del portal o la transmisi\u00f3n de virus o programas maliciosos o lesivos en los contenidos, a pesar de haber adoptado, desde el principio, todas las medidas tecnol\u00f3gicas necesarias para evitarlo.<\/span><\/p>\n<p align=\"justify\"><span style=\"font-size: large\">Cualquier conflicto surgido por la prestaci\u00f3n de servicios ofertada, por la utilizaci\u00f3n de la p\u00e1gina se someter\u00e1 al fuero y jurisdicci\u00f3n de los tribunales de la ciudad de Barcelona. Si existe relaci\u00f3n con un tercer profesional, Advertia queda exonerada de dicha relaci\u00f3n con plena indemnidad, no responsabiliz\u00e1ndose ni reconociendo la relaci\u00f3n de prestaci\u00f3n de servicios entre el peticionario y el prestador<\/span><\/p>\n<p><\/p>","protected":false},"excerpt":{"rendered":"<p>De conformidad con la Ley Org\u00e1nica 15\/1999 de 13 de diciembre de Protecci\u00f3n de Datos de Car\u00e1cter Personal (LOPD), los datos suministrados por el Usuario quedar\u00e1n incorporados en un fichero automatizado, el cual ser\u00e1 procesado exclusivamente para la finalidad descrita en cada caso. Estos se recoger\u00e1n a trav\u00e9s de los formularios correspondientes, los cuales s\u00f3lo [&hellip;]<\/p>\n","protected":false},"author":1,"featured_media":0,"parent":0,"menu_order":0,"comment_status":"closed","ping_status":"closed","template":"","meta":{"jetpack_post_was_ever_published":false,"footnotes":""},"class_list":["post-84","page","type-page","status-publish","hentry"],"jetpack_sharing_enabled":true,"jetpack_shortlink":"https:\/\/wp.me\/P4VNEw-1m","_links":{"self":[{"href":"https:\/\/advertia.cat\/es\/wp-json\/wp\/v2\/pages\/84","targetHints":{"allow":["GET"]}}],"collection":[{"href":"https:\/\/advertia.cat\/es\/wp-json\/wp\/v2\/pages"}],"about":[{"href":"https:\/\/advertia.cat\/es\/wp-json\/wp\/v2\/types\/page"}],"author":[{"embeddable":true,"href":"https:\/\/advertia.cat\/es\/wp-json\/wp\/v2\/users\/1"}],"replies":[{"embeddable":true,"href":"https:\/\/advertia.cat\/es\/wp-json\/wp\/v2\/comments?post=84"}],"version-history":[{"count":4,"href":"https:\/\/advertia.cat\/es\/wp-json\/wp\/v2\/pages\/84\/revisions"}],"predecessor-version":[{"id":97,"href":"https:\/\/advertia.cat\/es\/wp-json\/wp\/v2\/pages\/84\/revisions\/97"}],"wp:attachment":[{"href":"https:\/\/advertia.cat\/es\/wp-json\/wp\/v2\/media?parent=84"}],"curies":[{"name":"wp","href":"https:\/\/api.w.org\/{rel}","templated":true}]}}